{"id":28,"date":"2024-02-15T23:35:44","date_gmt":"2024-02-16T02:35:44","guid":{"rendered":"https:\/\/wpsinfo.com.br\/?page_id=28"},"modified":"2024-03-04T22:59:56","modified_gmt":"2024-03-05T01:59:56","slug":"contact","status":"publish","type":"page","link":"https:\/\/wpsinfo.com.br\/index.php\/contact\/","title":{"rendered":"Contato"},"content":{"rendered":"\n<p class=\"segura\u00e7a patrim\u00f4nio consultoria monitoramento controle acesso has-black-color has-white-background-color has-text-color has-background has-link-color has-medium-font-size wp-elements-a1a594bb600c208196ba6fa27ec5c9e5\" id=\"loja\">Estamos sempre dispon\u00edveis para esclarecer suas d\u00favidas e fornecer o melhor atendimento. <br>Conhe\u00e7a nossos produtos e servi\u00e7os agora mesmo acesse a nossa loja virtual: <a href=\"https:\/\/wpsinfo.seg.br\" target=\"_blank\" rel=\"noreferrer noopener\">https:\/\/wpsinfo<\/a><a href=\"https:\/\/wpsinfo.seg.br\">.<\/a><a href=\"https:\/\/wpsinfo.seg.br\" target=\"_blank\" rel=\"noreferrer noopener\">seg.br<\/a><br>Para obter mais informa\u00e7\u00f5es, fale conosco por telefone ou e-mail.<br>Teremos o maior prazer em ouvir voc\u00ea e ajud\u00e1-lo da melhor maneira poss\u00edvel.<\/p>\n\n\n\n<div class=\"wp-block-cover alignfull is-light has-black-color has-text-color has-link-color wp-elements-653628d33fb308810eed73675f538a6a\" style=\"min-height:385px;aspect-ratio:unset;\"><span aria-hidden=\"true\" class=\"wp-block-cover__background has-pale-cyan-blue-background-color has-background-dim-100 has-background-dim\"><\/span><div class=\"wp-block-cover__inner-container is-layout-flow wp-block-cover-is-layout-flow\">\n<div class=\"wp-block-columns is-layout-flex wp-container-core-columns-is-layout-9d6595d7 wp-block-columns-is-layout-flex\">\n<div class=\"wp-block-column is-layout-flow wp-block-column-is-layout-flow\">\n<div style=\"height:24px\" aria-hidden=\"true\" class=\"wp-block-spacer\"><\/div>\n\n\n<div class=\"wp-block-image is-resized icon-style is-style-rounded\">\n<figure class=\"aligncenter\"><img decoding=\"async\" src=\"https:\/\/wpsinfo.com.br\/wp-content\/themes\/neve\/assets\/img\/starter-content\/icon-05.svg\" alt=\"\"\/><\/figure>\n<\/div>\n\n\n<h3 class=\"wp-block-heading has-text-align-center has-black-color has-text-color\"><strong>Telefones<\/strong><\/h3>\n\n\n\n<p class=\"has-text-align-center has-white-color has-text-color\" style=\"font-size:15px\">+55 (11) 96590-6000 <br>+55 (11) 3984-7990<br><\/p>\n\n\n\n<div style=\"height:24px\" aria-hidden=\"true\" class=\"wp-block-spacer\"><\/div>\n<\/div>\n\n\n\n<div class=\"wp-block-column is-layout-flow wp-block-column-is-layout-flow\">\n<div style=\"height:24px\" aria-hidden=\"true\" class=\"wp-block-spacer\"><\/div>\n\n\n<div class=\"wp-block-image is-resized icon-style is-style-rounded\">\n<figure class=\"aligncenter\"><img decoding=\"async\" src=\"https:\/\/wpsinfo.com.br\/wp-content\/themes\/neve\/assets\/img\/starter-content\/icon-06.svg\" alt=\"\"\/><\/figure>\n<\/div>\n\n\n<h3 class=\"wp-block-heading has-text-align-center has-black-color has-text-color\"><strong>E-mail<\/strong><\/h3>\n\n\n\n<p class=\"has-text-align-center has-white-color has-text-color has-link-color wp-elements-f425ab13bf20fc9b1180906352d00e7b\" style=\"font-size:15px\"><a href=\"mailto:contato@wpsinfo.com.br\">contato@wpsinfo.com.br<\/a><br><\/p>\n<\/div>\n\n\n\n<div class=\"wp-block-column is-layout-flow wp-block-column-is-layout-flow\">\n<div style=\"height:24px\" aria-hidden=\"true\" class=\"wp-block-spacer\"><\/div>\n\n\n<div class=\"wp-block-image is-resized icon-style is-style-rounded\">\n<figure class=\"aligncenter\"><img decoding=\"async\" src=\"https:\/\/wpsinfo.com.br\/wp-content\/themes\/neve\/assets\/img\/starter-content\/icon-04.svg\" alt=\"\"\/><\/figure>\n<\/div>\n\n\n<h3 class=\"wp-block-heading has-text-align-center has-black-color has-text-color\"><strong>Offices<\/strong><\/h3>\n\n\n\n<p class=\"has-text-align-center has-white-color has-text-color has-link-color wp-elements-a1fb071e552233ff9fe50d068f0087d8\" style=\"font-size:15px\">Rua. Vicente Datena, 55 Medeiros, Jundia\u00ed &#8211; SP<br>site:<a href=\" https:\/\/wpsinfo.com.br\"> https:\/\/wpsinfo.com.br<\/a><\/p>\n<\/div>\n<\/div>\n<\/div><\/div>\n\n\n\n<p><\/p>\n","protected":false},"excerpt":{"rendered":"<p>Estamos sempre dispon\u00edveis para esclarecer suas d\u00favidas e fornecer o melhor atendimento. Conhe\u00e7a nossos produtos e servi\u00e7os agora mesmo acesse a nossa loja virtual: https:\/\/wpsinfo.seg.brPara obter mais informa\u00e7\u00f5es, fale conosco por telefone ou e-mail.Teremos o maior prazer em ouvir voc\u00ea e ajud\u00e1-lo da melhor maneira poss\u00edvel.<\/p>\n","protected":false},"author":1,"featured_media":195,"parent":0,"menu_order":0,"comment_status":"closed","ping_status":"closed","template":"","meta":{"footnotes":""},"class_list":["post-28","page","type-page","status-publish","has-post-thumbnail","hentry"],"_links":{"self":[{"href":"https:\/\/wpsinfo.com.br\/index.php\/wp-json\/wp\/v2\/pages\/28","targetHints":{"allow":["GET"]}}],"collection":[{"href":"https:\/\/wpsinfo.com.br\/index.php\/wp-json\/wp\/v2\/pages"}],"about":[{"href":"https:\/\/wpsinfo.com.br\/index.php\/wp-json\/wp\/v2\/types\/page"}],"author":[{"embeddable":true,"href":"https:\/\/wpsinfo.com.br\/index.php\/wp-json\/wp\/v2\/users\/1"}],"replies":[{"embeddable":true,"href":"https:\/\/wpsinfo.com.br\/index.php\/wp-json\/wp\/v2\/comments?post=28"}],"version-history":[{"count":21,"href":"https:\/\/wpsinfo.com.br\/index.php\/wp-json\/wp\/v2\/pages\/28\/revisions"}],"predecessor-version":[{"id":338,"href":"https:\/\/wpsinfo.com.br\/index.php\/wp-json\/wp\/v2\/pages\/28\/revisions\/338"}],"wp:featuredmedia":[{"embeddable":true,"href":"https:\/\/wpsinfo.com.br\/index.php\/wp-json\/wp\/v2\/media\/195"}],"wp:attachment":[{"href":"https:\/\/wpsinfo.com.br\/index.php\/wp-json\/wp\/v2\/media?parent=28"}],"curies":[{"name":"wp","href":"https:\/\/api.w.org\/{rel}","templated":true}]}}