{"id":26,"date":"2024-02-15T23:35:44","date_gmt":"2024-02-16T02:35:44","guid":{"rendered":"https:\/\/wpsinfo.com.br\/?page_id=26"},"modified":"2024-03-04T22:09:16","modified_gmt":"2024-03-05T01:09:16","slug":"pagina-inicial","status":"publish","type":"page","link":"https:\/\/wpsinfo.com.br\/index.php\/pagina-inicial\/","title":{"rendered":"SOBRE N\u00d3S"},"content":{"rendered":"\n<div class=\"wp-block-columns has-white-color has-white-background-color has-text-color has-background has-link-color wp-elements-117e24b11fa864875d9d1bb697ebda65 is-layout-flex wp-container-core-columns-is-layout-9d6595d7 wp-block-columns-is-layout-flex\">\n<div class=\"wp-block-column has-white-background-color has-background is-layout-flow wp-block-column-is-layout-flow\" style=\"flex-basis:100%\">\n<p class=\"has-black-color has-white-background-color has-text-color has-background has-link-color has-medium-font-size wp-elements-54019c7dc4342038e0ce7b5d95114511\">A&nbsp;<strong>WPS INFORM\u00c1TICA<\/strong>, fundada em <strong>2014<\/strong> por executivos de TI, tem como objetivo prestar a melhor consultoria em Seguran\u00e7a Patrimonial e Tecnologia da Informa\u00e7\u00e3o, conhecer e entender as necessidades dos nossos clientes e empresas&nbsp;que operam com diversos sistemas e seguimento em TI como por exemplo: <strong>SAP<\/strong>, <strong>TOTVS<\/strong>, <strong>FLUIG<\/strong>, <strong>SALESFORCE<\/strong>, <strong>ZENDESK<\/strong>, <strong>ATLASSIAN<\/strong>, <strong>INTELBRAS<\/strong>, <strong>MULTITEC<\/strong>, <strong>HDL<\/strong>, <strong>PANASONIC<\/strong>, <strong>HIKVISION<\/strong>, <strong>CONTROL ID<\/strong> e outros sistemas de mercado, buscamos&nbsp;integrar e conectar solu\u00e7\u00f5es&nbsp;trazendo&nbsp;uma estrat\u00e9gia focada na necessidade da sua empresa.<br><br>Trabalhamos com estrat\u00e9gias&nbsp;\u00e1geis,&nbsp; consistente, entregando sempre aos nossos clientes uma vantagem competitiva sem precedentes.<br>Decis\u00f5es mais r\u00e1pidas, maior capacidade de escalabilidade e a possibilidade de novos modelos de neg\u00f3cio baseados em tecnologia, s\u00e3o os resultados que entregamos.<br>Nosso time de estrategistas, tem vasta experi\u00eancia no mercado, contudo, podemos adicionar mais consist\u00eancia e robustez \u00e0 sua estrat\u00e9gia corporativa.<br>\u200bMetodologia com entregas r\u00e1pidas e eficientes, utilizando sempre metodologias de ambiente de miss\u00e3o cr\u00edtica, visando o aumento da disponibilidade e desempenho dos servi\u00e7os de TI monitorados.\u200b<br><br>Somos comprometidos com o desenvolvimento de produtos inovadores que transformar\u00e3o a ind\u00fastria.<br>De <strong>2014<\/strong> a <strong>2024<\/strong>, a inova\u00e7\u00e3o sempre fez parte do nosso <strong>DNA<\/strong> buscando conhecimento nos&nbsp; tornamos uma empresa completa, com uma infraestrutura de ponta, processos r\u00edgidos, aderentes ao <strong>ITIL<\/strong>, <strong>COBIT<\/strong>,<strong> LGPD <\/strong>e <strong>SECURITY<\/strong> com um time altamente qualificado em diversos assuntos&nbsp;tecnol\u00f3gicos&nbsp;para melhor atender as necessidades dos nossos clientes.<br><br>\u200bOferecemos servi\u00e7os de consultoria de alta disponibilidade em Cloud Storage \/Nuvem, &nbsp;sempre buscando trazer melhor qualidade ao ambiente dos nossos clientes, tanto no ambiente On premise como em Cloud, monitoramento e suporte 24 horas real time.<br>Fazemos toda gest\u00e3o de incidentes e solicita\u00e7\u00f5es, migra\u00e7\u00e3o de ambientes On premise para Cloud (<strong>AWS<\/strong>, <strong>GOOGLE<\/strong>&#8211;<strong>GCP<\/strong> e <strong>AZURE<\/strong>&#8211;<strong>MICROSOFT<\/strong>) tratamos os diversos assuntos em parceria com o time de TI dos nossos clientes, trazendo tranquilidade, confian\u00e7a e gest\u00e3o sobre os diversos assuntos que geram impacto, atuando de forma precisa trazendo solu\u00e7\u00f5es que agregam valor.<br><br>\u200bRealizamos instala\u00e7\u00f5es, fazemos o monitoramento e damos  suporte as opera\u00e7\u00f5es, com excelentes resultados tanto na \u00e1rea de TI de nossos clientes, como tamb\u00e9m em  tomada de decis\u00f5es corporativas. Somos especialistas em ambiente de miss\u00e3o Cr\u00edtica e Seguran\u00e7a Patrimonial, monitore e proteja seu patrim\u00f4nio com sistema de <strong>CFTV<\/strong> (Circuito fechado) oferecemos instala\u00e7\u00e3o, manuten\u00e7\u00e3o preventiva e corretiva.&nbsp;<br><br>\u200b\u200bNosso <strong>NOC<\/strong> est\u00e1 sediado na cidade de S\u00e3o Paulo &#8211; SP, com escrit\u00f3rio na regi\u00e3o da Vila Pita, V.N. Cachoeirinha &#8211; SP<br><br>\u00c0 medida que crescemos o nosso compromisso com as suas necessidades permanece sendo a nossa prioridade.A empresa hoje conta com uma startup de inova\u00e7\u00e3o&nbsp;tecnol\u00f3gica, trazendo&nbsp;sempre solu\u00e7\u00f5es que possam agregar com<strong> IoT Internet das  Coisas<\/strong> e <strong>AI Intelig\u00eancia&nbsp;Artificial<\/strong>.<br><br>Nosso time de profissionais trabalham e est\u00e3o aqui para te inspirar com ideias e estrat\u00e9gias para o seu neg\u00f3cio.<\/p>\n<\/div>\n<\/div>\n","protected":false},"excerpt":{"rendered":"<p>A&nbsp;WPS INFORM\u00c1TICA, fundada em 2014 por executivos de TI, tem como objetivo prestar a melhor consultoria em Seguran\u00e7a Patrimonial e Tecnologia da Informa\u00e7\u00e3o, conhecer e entender as necessidades dos nossos clientes e empresas&nbsp;que operam com diversos sistemas e seguimento em TI como por exemplo: SAP, TOTVS, FLUIG, SALESFORCE, ZENDESK, ATLASSIAN, INTELBRAS, MULTITEC, HDL, PANASONIC, HIKVISION, &hellip; <\/p>\n<p class=\"link-more\"><a href=\"https:\/\/wpsinfo.com.br\/index.php\/pagina-inicial\/\" class=\"more-link\">Continue reading<span class=\"screen-reader-text\"> &#8220;SOBRE N\u00d3S&#8221;<\/span><\/a><\/p>\n","protected":false},"author":1,"featured_media":214,"parent":0,"menu_order":0,"comment_status":"closed","ping_status":"closed","template":"","meta":{"footnotes":""},"class_list":["post-26","page","type-page","status-publish","has-post-thumbnail","hentry"],"_links":{"self":[{"href":"https:\/\/wpsinfo.com.br\/index.php\/wp-json\/wp\/v2\/pages\/26","targetHints":{"allow":["GET"]}}],"collection":[{"href":"https:\/\/wpsinfo.com.br\/index.php\/wp-json\/wp\/v2\/pages"}],"about":[{"href":"https:\/\/wpsinfo.com.br\/index.php\/wp-json\/wp\/v2\/types\/page"}],"author":[{"embeddable":true,"href":"https:\/\/wpsinfo.com.br\/index.php\/wp-json\/wp\/v2\/users\/1"}],"replies":[{"embeddable":true,"href":"https:\/\/wpsinfo.com.br\/index.php\/wp-json\/wp\/v2\/comments?post=26"}],"version-history":[{"count":43,"href":"https:\/\/wpsinfo.com.br\/index.php\/wp-json\/wp\/v2\/pages\/26\/revisions"}],"predecessor-version":[{"id":323,"href":"https:\/\/wpsinfo.com.br\/index.php\/wp-json\/wp\/v2\/pages\/26\/revisions\/323"}],"wp:featuredmedia":[{"embeddable":true,"href":"https:\/\/wpsinfo.com.br\/index.php\/wp-json\/wp\/v2\/media\/214"}],"wp:attachment":[{"href":"https:\/\/wpsinfo.com.br\/index.php\/wp-json\/wp\/v2\/media?parent=26"}],"curies":[{"name":"wp","href":"https:\/\/api.w.org\/{rel}","templated":true}]}}