{"id":182,"date":"2024-02-25T13:39:37","date_gmt":"2024-02-25T16:39:37","guid":{"rendered":"https:\/\/wpsinfo.com.br\/?page_id=182"},"modified":"2024-03-04T21:50:49","modified_gmt":"2024-03-05T00:50:49","slug":"home","status":"publish","type":"page","link":"https:\/\/wpsinfo.com.br\/index.php\/home\/","title":{"rendered":"Home"},"content":{"rendered":"\n<p class=\"has-medium-font-size\">Seja bem-vindo ao nosso website, onde voc\u00ea pode conhecer todos os nossos produtos e servi\u00e7os. Temos uma ampla variedade de op\u00e7\u00f5es para atender \u00e0s suas necessidades e expectativas.<br><br>Aqui voc\u00ea encontra o que precisa para o seu neg\u00f3cio e resid\u00eancia.<br>Proteja o seu patrim\u00f4nio com tecnologia de ponta e atendimento personalizado, alarmes, c\u00e2meras, motores, catracas, cancelas, controle de acesso e muito mais!<\/p>\n\n\n\n<p class=\"has-medium-font-size\">Conhe\u00e7a nossos produtos e servi\u00e7os agora mesmo, entre em contato para obter mais informa\u00e7\u00f5es. Estamos ansiosos para atend\u00ea-lo!<\/p>\n","protected":false},"excerpt":{"rendered":"<p>Seja bem-vindo ao nosso website, onde voc\u00ea pode conhecer todos os nossos produtos e servi\u00e7os. Temos uma ampla variedade de op\u00e7\u00f5es para atender \u00e0s suas necessidades e expectativas. Aqui voc\u00ea encontra o que precisa para o seu neg\u00f3cio e resid\u00eancia.Proteja o seu patrim\u00f4nio com tecnologia de ponta e atendimento personalizado, alarmes, c\u00e2meras, motores, catracas, cancelas, &hellip; <\/p>\n<p class=\"link-more\"><a href=\"https:\/\/wpsinfo.com.br\/index.php\/home\/\" class=\"more-link\">Continue reading<span class=\"screen-reader-text\"> &#8220;Home&#8221;<\/span><\/a><\/p>\n","protected":false},"author":1,"featured_media":85,"parent":0,"menu_order":0,"comment_status":"closed","ping_status":"closed","template":"","meta":{"footnotes":""},"class_list":["post-182","page","type-page","status-publish","has-post-thumbnail","hentry"],"_links":{"self":[{"href":"https:\/\/wpsinfo.com.br\/index.php\/wp-json\/wp\/v2\/pages\/182","targetHints":{"allow":["GET"]}}],"collection":[{"href":"https:\/\/wpsinfo.com.br\/index.php\/wp-json\/wp\/v2\/pages"}],"about":[{"href":"https:\/\/wpsinfo.com.br\/index.php\/wp-json\/wp\/v2\/types\/page"}],"author":[{"embeddable":true,"href":"https:\/\/wpsinfo.com.br\/index.php\/wp-json\/wp\/v2\/users\/1"}],"replies":[{"embeddable":true,"href":"https:\/\/wpsinfo.com.br\/index.php\/wp-json\/wp\/v2\/comments?post=182"}],"version-history":[{"count":8,"href":"https:\/\/wpsinfo.com.br\/index.php\/wp-json\/wp\/v2\/pages\/182\/revisions"}],"predecessor-version":[{"id":318,"href":"https:\/\/wpsinfo.com.br\/index.php\/wp-json\/wp\/v2\/pages\/182\/revisions\/318"}],"wp:featuredmedia":[{"embeddable":true,"href":"https:\/\/wpsinfo.com.br\/index.php\/wp-json\/wp\/v2\/media\/85"}],"wp:attachment":[{"href":"https:\/\/wpsinfo.com.br\/index.php\/wp-json\/wp\/v2\/media?parent=182"}],"curies":[{"name":"wp","href":"https:\/\/api.w.org\/{rel}","templated":true}]}}