{"id":117,"date":"2024-02-24T22:16:28","date_gmt":"2024-02-25T01:16:28","guid":{"rendered":"https:\/\/wpsinfo.com.br\/?page_id=117"},"modified":"2024-03-04T22:02:47","modified_gmt":"2024-03-05T01:02:47","slug":"servicos","status":"publish","type":"page","link":"https:\/\/wpsinfo.com.br\/index.php\/servicos\/","title":{"rendered":"Servi\u00e7os"},"content":{"rendered":"\n<p class=\"has-medium-font-size\"><strong>Servi\u00e7os e Produtos<\/strong><br>Com rela\u00e7\u00e3o aos nossos servi\u00e7os e produtos, oferecemos uma linha completa que abrange desde itens de uso di\u00e1rio at\u00e9 produtos especializados. Trabalhamos com marcas reconhecidas no mercado de alta qualidade, garantindo a satisfa\u00e7\u00e3o dos nossos clientes.<\/p>\n\n\n\n<p class=\"has-medium-font-size\">Al\u00e9m disso, contamos com uma equipe de profissionais altamente capacitados para prestar os melhores servi\u00e7os. Seja qual for a sua demanda, estamos prontos para atend\u00ea-lo com efici\u00eancia e excel\u00eancia.<br><\/p>\n","protected":false},"excerpt":{"rendered":"<p>Servi\u00e7os e ProdutosCom rela\u00e7\u00e3o aos nossos servi\u00e7os e produtos, oferecemos uma linha completa que abrange desde itens de uso di\u00e1rio at\u00e9 produtos especializados. Trabalhamos com marcas reconhecidas no mercado de alta qualidade, garantindo a satisfa\u00e7\u00e3o dos nossos clientes. Al\u00e9m disso, contamos com uma equipe de profissionais altamente capacitados para prestar os melhores servi\u00e7os. Seja qual &hellip; <\/p>\n<p class=\"link-more\"><a href=\"https:\/\/wpsinfo.com.br\/index.php\/servicos\/\" class=\"more-link\">Continue reading<span class=\"screen-reader-text\"> &#8220;Servi\u00e7os&#8221;<\/span><\/a><\/p>\n","protected":false},"author":1,"featured_media":111,"parent":0,"menu_order":0,"comment_status":"closed","ping_status":"closed","template":"","meta":{"footnotes":""},"class_list":["post-117","page","type-page","status-publish","has-post-thumbnail","hentry"],"_links":{"self":[{"href":"https:\/\/wpsinfo.com.br\/index.php\/wp-json\/wp\/v2\/pages\/117","targetHints":{"allow":["GET"]}}],"collection":[{"href":"https:\/\/wpsinfo.com.br\/index.php\/wp-json\/wp\/v2\/pages"}],"about":[{"href":"https:\/\/wpsinfo.com.br\/index.php\/wp-json\/wp\/v2\/types\/page"}],"author":[{"embeddable":true,"href":"https:\/\/wpsinfo.com.br\/index.php\/wp-json\/wp\/v2\/users\/1"}],"replies":[{"embeddable":true,"href":"https:\/\/wpsinfo.com.br\/index.php\/wp-json\/wp\/v2\/comments?post=117"}],"version-history":[{"count":9,"href":"https:\/\/wpsinfo.com.br\/index.php\/wp-json\/wp\/v2\/pages\/117\/revisions"}],"predecessor-version":[{"id":321,"href":"https:\/\/wpsinfo.com.br\/index.php\/wp-json\/wp\/v2\/pages\/117\/revisions\/321"}],"wp:featuredmedia":[{"embeddable":true,"href":"https:\/\/wpsinfo.com.br\/index.php\/wp-json\/wp\/v2\/media\/111"}],"wp:attachment":[{"href":"https:\/\/wpsinfo.com.br\/index.php\/wp-json\/wp\/v2\/media?parent=117"}],"curies":[{"name":"wp","href":"https:\/\/api.w.org\/{rel}","templated":true}]}}